{"id":1347,"date":"2017-05-07T08:31:54","date_gmt":"2017-05-07T06:31:54","guid":{"rendered":"https:\/\/bikesolutions.ch\/solutions\/stationnement\/"},"modified":"2017-06-29T22:37:30","modified_gmt":"2017-06-29T20:37:30","slug":"stationnement","status":"publish","type":"page","link":"https:\/\/bikesolutions.ch\/fr\/solutions\/stationnement\/","title":{"rendered":"Stationnement"},"content":{"rendered":"<p>[et_pb_section bb_built=\u00a0\u00bb1&Prime; admin_label=\u00a0\u00bbSezione\u00a0\u00bb custom_padding=\u00a0\u00bb2%|||\u00a0\u00bb make_fullwidth=\u00a0\u00bbon\u00a0\u00bb make_equal=\u00a0\u00bbon\u00a0\u00bb use_custom_gutter=\u00a0\u00bbon\u00a0\u00bb gutter_width=\u00a0\u00bb2&Prime; specialty=\u00a0\u00bbon\u00a0\u00bb custom_css_main_2=\u00a0\u00bb||\u00a0\u00bb][et_pb_column type=\u00a0\u00bb1_4&Prime;][et_pb_sidebar admin_label=\u00a0\u00bbBarra Laterale\u00a0\u00bb area=\u00a0\u00bbsidebar-1&Prime; \/][\/et_pb_column][et_pb_column type=\u00a0\u00bb3_4&Prime; specialty_columns=\u00a0\u00bb3&Prime;][et_pb_row_inner admin_label=\u00a0\u00bbRiga\u00a0\u00bb custom_padding=\u00a0\u00bb1%|2%|0px|2%\u00a0\u00bb use_custom_gutter=\u00a0\u00bbon\u00a0\u00bb gutter_width=\u00a0\u00bb1&Prime; module_class=\u00a0\u00bbbordo_superiore\u00a0\u00bb][et_pb_column_inner type=\u00a0\u00bb4_4&Prime; saved_specialty_column_type=\u00a0\u00bb3_4&Prime;][et_pb_post_title admin_label=\u00a0\u00bbTitolo del Post\u00a0\u00bb meta=\u00a0\u00bboff\u00a0\u00bb featured_image=\u00a0\u00bboff\u00a0\u00bb title_font_size=\u00a0\u00bb40px\u00a0\u00bb custom_margin=\u00a0\u00bb|||\u00a0\u00bb custom_padding=\u00a0\u00bb|||\u00a0\u00bb \/][et_pb_text admin_label=\u00a0\u00bbTesto\u00a0\u00bb custom_margin=\u00a0\u00bb5%||5%|\u00a0\u00bb]<\/p>\n<p>Les stationnements pour v\u00e9los sont install\u00e9s soit en externe, soit dans des espaces ferm\u00e9s ainsi que de plus en plus dans les lieux publiques. Pas seulement dans les parcs mais aussi dans les places des villes, les gares, les \u00e9coles, les biblioth\u00e8ques ou encore les h\u00f4pitaux et les \u00e9difices publiques.<\/p>\n<p>L&rsquo;augmentation du nombre de cyclistes et la r\u00e9glementation visant \u00e0 am\u00e9liorer la mobilit\u00e9 douce dans les centres urbains, imposent la cr\u00e9ation de places de stationnement pour v\u00e9los \u00a0 qui soient pratiques, efficients et s\u00fbres.<\/p>\n<p>[\/et_pb_text][et_pb_portfolio fullwidth=\u00a0\u00bboff\u00a0\u00bb posts_number=\u00a0\u00bb100&Prime; include_categories=\u00a0\u00bb39&Prime; show_pagination=\u00a0\u00bboff\u00a0\u00bb _builder_version=\u00a0\u00bb3.0.53&Prime; show_title=\u00a0\u00bbon\u00a0\u00bb show_categories=\u00a0\u00bbon\u00a0\u00bb zoom_icon_color=\u00a0\u00bb#0a9549&Prime; hover_overlay_color=\u00a0\u00bbrgba(255,255,255,0.9)\u00a0\u00bb background_layout=\u00a0\u00bblight\u00a0\u00bb border_style=\u00a0\u00bbsolid\u00a0\u00bb \/][\/et_pb_column_inner][\/et_pb_row_inner][\/et_pb_column][\/et_pb_section]<\/p>\n","protected":false},"excerpt":{"rendered":"<p>Les stationnements pour v\u00e9los sont install\u00e9s soit en externe, soit dans des espaces ferm\u00e9s ainsi que de plus en plus dans les lieux publiques. Pas seulement dans les parcs mais aussi dans les places des villes, les gares, les \u00e9coles, les biblioth\u00e8ques ou encore les h\u00f4pitaux et les \u00e9difices publiques. L&rsquo;augmentation du nombre de cyclistes [&hellip;]<\/p>\n","protected":false},"author":1,"featured_media":0,"parent":848,"menu_order":0,"comment_status":"closed","ping_status":"closed","template":"","meta":{"_et_pb_use_builder":"on","_et_pb_old_content":"","_et_gb_content_width":"","footnotes":""},"class_list":["post-1347","page","type-page","status-publish","hentry"],"yoast_head":"<!-- This site is optimized with the Yoast SEO plugin v23.9 - https:\/\/yoast.com\/wordpress\/plugins\/seo\/ -->\n<title>Stationnement - Bike solutions<\/title>\n<meta name=\"robots\" content=\"index, follow, max-snippet:-1, max-image-preview:large, max-video-preview:-1\" \/>\n<link rel=\"canonical\" href=\"https:\/\/bikesolutions.ch\/fr\/solutions\/stationnement\/\" \/>\n<meta property=\"og:locale\" content=\"fr_FR\" \/>\n<meta property=\"og:type\" content=\"article\" \/>\n<meta property=\"og:title\" content=\"Stationnement - Bike solutions\" \/>\n<meta property=\"og:description\" content=\"Les stationnements pour v\u00e9los sont install\u00e9s soit en externe, soit dans des espaces ferm\u00e9s ainsi que de plus en plus dans les lieux publiques. Pas seulement dans les parcs mais aussi dans les places des villes, les gares, les \u00e9coles, les biblioth\u00e8ques ou encore les h\u00f4pitaux et les \u00e9difices publiques. L&#039;augmentation du nombre de cyclistes [&hellip;]\" \/>\n<meta property=\"og:url\" content=\"https:\/\/bikesolutions.ch\/fr\/solutions\/stationnement\/\" \/>\n<meta property=\"og:site_name\" content=\"Bike solutions\" \/>\n<meta property=\"article:publisher\" content=\"https:\/\/www.facebook.com\/bikesolutions.ch\/\" \/>\n<meta property=\"article:modified_time\" content=\"2017-06-29T20:37:30+00:00\" \/>\n<meta name=\"twitter:card\" content=\"summary_large_image\" \/>\n<meta name=\"twitter:label1\" content=\"Dur\u00e9e de lecture estim\u00e9e\" \/>\n\t<meta name=\"twitter:data1\" content=\"1 minute\" \/>\n<script type=\"application\/ld+json\" class=\"yoast-schema-graph\">{\"@context\":\"https:\/\/schema.org\",\"@graph\":[{\"@type\":\"WebPage\",\"@id\":\"https:\/\/bikesolutions.ch\/fr\/solutions\/stationnement\/\",\"url\":\"https:\/\/bikesolutions.ch\/fr\/solutions\/stationnement\/\",\"name\":\"Stationnement - Bike solutions\",\"isPartOf\":{\"@id\":\"https:\/\/bikesolutions.ch\/#website\"},\"datePublished\":\"2017-05-07T06:31:54+00:00\",\"dateModified\":\"2017-06-29T20:37:30+00:00\",\"breadcrumb\":{\"@id\":\"https:\/\/bikesolutions.ch\/fr\/solutions\/stationnement\/#breadcrumb\"},\"inLanguage\":\"fr-FR\",\"potentialAction\":[{\"@type\":\"ReadAction\",\"target\":[\"https:\/\/bikesolutions.ch\/fr\/solutions\/stationnement\/\"]}]},{\"@type\":\"BreadcrumbList\",\"@id\":\"https:\/\/bikesolutions.ch\/fr\/solutions\/stationnement\/#breadcrumb\",\"itemListElement\":[{\"@type\":\"ListItem\",\"position\":1,\"name\":\"Home\",\"item\":\"https:\/\/bikesolutions.ch\/fr\/\"},{\"@type\":\"ListItem\",\"position\":2,\"name\":\"Solutions\",\"item\":\"https:\/\/bikesolutions.ch\/fr\/solutions\/\"},{\"@type\":\"ListItem\",\"position\":3,\"name\":\"Stationnement\"}]},{\"@type\":\"WebSite\",\"@id\":\"https:\/\/bikesolutions.ch\/#website\",\"url\":\"https:\/\/bikesolutions.ch\/\",\"name\":\"Bike solutions\",\"description\":\"Soluzioni per la mobilit\u00e0 lenta \",\"publisher\":{\"@id\":\"https:\/\/bikesolutions.ch\/#organization\"},\"potentialAction\":[{\"@type\":\"SearchAction\",\"target\":{\"@type\":\"EntryPoint\",\"urlTemplate\":\"https:\/\/bikesolutions.ch\/?s={search_term_string}\"},\"query-input\":{\"@type\":\"PropertyValueSpecification\",\"valueRequired\":true,\"valueName\":\"search_term_string\"}}],\"inLanguage\":\"fr-FR\"},{\"@type\":\"Organization\",\"@id\":\"https:\/\/bikesolutions.ch\/#organization\",\"name\":\"Bike solutions\",\"url\":\"https:\/\/bikesolutions.ch\/\",\"logo\":{\"@type\":\"ImageObject\",\"inLanguage\":\"fr-FR\",\"@id\":\"https:\/\/bikesolutions.ch\/#\/schema\/logo\/image\/\",\"url\":\"https:\/\/bikesolutions.ch\/wp-content\/uploads\/bike_solution_logo.png\",\"contentUrl\":\"https:\/\/bikesolutions.ch\/wp-content\/uploads\/bike_solution_logo.png\",\"width\":973,\"height\":734,\"caption\":\"Bike solutions\"},\"image\":{\"@id\":\"https:\/\/bikesolutions.ch\/#\/schema\/logo\/image\/\"},\"sameAs\":[\"https:\/\/www.facebook.com\/bikesolutions.ch\/\"]}]}<\/script>\n<!-- \/ Yoast SEO plugin. -->","yoast_head_json":{"title":"Stationnement - Bike solutions","robots":{"index":"index","follow":"follow","max-snippet":"max-snippet:-1","max-image-preview":"max-image-preview:large","max-video-preview":"max-video-preview:-1"},"canonical":"https:\/\/bikesolutions.ch\/fr\/solutions\/stationnement\/","og_locale":"fr_FR","og_type":"article","og_title":"Stationnement - Bike solutions","og_description":"Les stationnements pour v\u00e9los sont install\u00e9s soit en externe, soit dans des espaces ferm\u00e9s ainsi que de plus en plus dans les lieux publiques. Pas seulement dans les parcs mais aussi dans les places des villes, les gares, les \u00e9coles, les biblioth\u00e8ques ou encore les h\u00f4pitaux et les \u00e9difices publiques. L'augmentation du nombre de cyclistes [&hellip;]","og_url":"https:\/\/bikesolutions.ch\/fr\/solutions\/stationnement\/","og_site_name":"Bike solutions","article_publisher":"https:\/\/www.facebook.com\/bikesolutions.ch\/","article_modified_time":"2017-06-29T20:37:30+00:00","twitter_card":"summary_large_image","twitter_misc":{"Dur\u00e9e de lecture estim\u00e9e":"1 minute"},"schema":{"@context":"https:\/\/schema.org","@graph":[{"@type":"WebPage","@id":"https:\/\/bikesolutions.ch\/fr\/solutions\/stationnement\/","url":"https:\/\/bikesolutions.ch\/fr\/solutions\/stationnement\/","name":"Stationnement - Bike solutions","isPartOf":{"@id":"https:\/\/bikesolutions.ch\/#website"},"datePublished":"2017-05-07T06:31:54+00:00","dateModified":"2017-06-29T20:37:30+00:00","breadcrumb":{"@id":"https:\/\/bikesolutions.ch\/fr\/solutions\/stationnement\/#breadcrumb"},"inLanguage":"fr-FR","potentialAction":[{"@type":"ReadAction","target":["https:\/\/bikesolutions.ch\/fr\/solutions\/stationnement\/"]}]},{"@type":"BreadcrumbList","@id":"https:\/\/bikesolutions.ch\/fr\/solutions\/stationnement\/#breadcrumb","itemListElement":[{"@type":"ListItem","position":1,"name":"Home","item":"https:\/\/bikesolutions.ch\/fr\/"},{"@type":"ListItem","position":2,"name":"Solutions","item":"https:\/\/bikesolutions.ch\/fr\/solutions\/"},{"@type":"ListItem","position":3,"name":"Stationnement"}]},{"@type":"WebSite","@id":"https:\/\/bikesolutions.ch\/#website","url":"https:\/\/bikesolutions.ch\/","name":"Bike solutions","description":"Soluzioni per la mobilit\u00e0 lenta ","publisher":{"@id":"https:\/\/bikesolutions.ch\/#organization"},"potentialAction":[{"@type":"SearchAction","target":{"@type":"EntryPoint","urlTemplate":"https:\/\/bikesolutions.ch\/?s={search_term_string}"},"query-input":{"@type":"PropertyValueSpecification","valueRequired":true,"valueName":"search_term_string"}}],"inLanguage":"fr-FR"},{"@type":"Organization","@id":"https:\/\/bikesolutions.ch\/#organization","name":"Bike solutions","url":"https:\/\/bikesolutions.ch\/","logo":{"@type":"ImageObject","inLanguage":"fr-FR","@id":"https:\/\/bikesolutions.ch\/#\/schema\/logo\/image\/","url":"https:\/\/bikesolutions.ch\/wp-content\/uploads\/bike_solution_logo.png","contentUrl":"https:\/\/bikesolutions.ch\/wp-content\/uploads\/bike_solution_logo.png","width":973,"height":734,"caption":"Bike solutions"},"image":{"@id":"https:\/\/bikesolutions.ch\/#\/schema\/logo\/image\/"},"sameAs":["https:\/\/www.facebook.com\/bikesolutions.ch\/"]}]}},"_links":{"self":[{"href":"https:\/\/bikesolutions.ch\/fr\/wp-json\/wp\/v2\/pages\/1347\/"}],"collection":[{"href":"https:\/\/bikesolutions.ch\/fr\/wp-json\/wp\/v2\/pages\/"}],"about":[{"href":"https:\/\/bikesolutions.ch\/fr\/wp-json\/wp\/v2\/types\/page\/"}],"author":[{"embeddable":true,"href":"https:\/\/bikesolutions.ch\/fr\/wp-json\/wp\/v2\/users\/1\/"}],"replies":[{"embeddable":true,"href":"https:\/\/bikesolutions.ch\/fr\/wp-json\/wp\/v2\/comments\/?post=1347"}],"version-history":[{"count":4,"href":"https:\/\/bikesolutions.ch\/fr\/wp-json\/wp\/v2\/pages\/1347\/revisions\/"}],"predecessor-version":[{"id":1504,"href":"https:\/\/bikesolutions.ch\/fr\/wp-json\/wp\/v2\/pages\/1347\/revisions\/1504\/"}],"up":[{"embeddable":true,"href":"https:\/\/bikesolutions.ch\/fr\/wp-json\/wp\/v2\/pages\/848\/"}],"wp:attachment":[{"href":"https:\/\/bikesolutions.ch\/fr\/wp-json\/wp\/v2\/media\/?parent=1347"}],"curies":[{"name":"wp","href":"https:\/\/api.w.org\/{rel}","templated":true}]}}