{"id":760,"date":"2017-05-07T08:31:54","date_gmt":"2017-05-07T06:31:54","guid":{"rendered":"https:\/\/bikesolutions.ch\/parkplatz\/"},"modified":"2017-06-25T13:57:24","modified_gmt":"2017-06-25T11:57:24","slug":"parkplatz","status":"publish","type":"page","link":"https:\/\/bikesolutions.ch\/de\/solutions\/parkplatz\/","title":{"rendered":"Parkplatz"},"content":{"rendered":"<p>[et_pb_section bb_built=&#8220;1&#8243; admin_label=&#8220;Sezione&#8220; custom_padding=&#8220;2%|||&#8220; make_fullwidth=&#8220;on&#8220; make_equal=&#8220;on&#8220; use_custom_gutter=&#8220;on&#8220; gutter_width=&#8220;2&#8243; specialty=&#8220;on&#8220; custom_css_main_2=&#8220;||&#8220;][et_pb_column type=&#8220;1_4&#8243;][et_pb_sidebar admin_label=&#8220;Barra Laterale&#8220; area=&#8220;sidebar-1&#8243; \/][\/et_pb_column][et_pb_column type=&#8220;3_4&#8243; specialty_columns=&#8220;3&#8243;][et_pb_row_inner admin_label=&#8220;Riga&#8220; custom_padding=&#8220;1%|2%|0px|2%&#8220; use_custom_gutter=&#8220;on&#8220; gutter_width=&#8220;1&#8243; module_class=&#8220;bordo_superiore&#8220;][et_pb_column_inner type=&#8220;4_4&#8243; saved_specialty_column_type=&#8220;3_4&#8243;][et_pb_post_title admin_label=&#8220;Titolo del Post&#8220; meta=&#8220;off&#8220; featured_image=&#8220;off&#8220; title_font_size=&#8220;40px&#8220; custom_margin=&#8220;|||&#8220; custom_padding=&#8220;|||&#8220; \/][et_pb_text admin_label=&#8220;Testo&#8220; custom_margin=&#8220;5%||5%|&#8220;]<\/p>\n<p>Fahrradparkpl\u00e4tze sind sowohl im Freien und in Innenr\u00e4umen installiert und zunehmend auch in \u00f6ffentlichen R\u00e4umen, nicht nur in Parks und Gr\u00fcnfl\u00e4chen , sondern auch auf Pl\u00e4tzen, Bahnh\u00f6fen oder U-Bahn-Stationen, intermodale Knoten, von Schulen und Bibliotheken, Einkaufszentren , sowie auf Parkpl\u00e4tze f\u00fcr die Mitarbeiter der \u00f6ffentlichen B\u00fcros, Schulen oder Krankenh\u00e4user.<\/p>\n<p>Das Wachstum in der Zahl der Radfahrer und Vorschriften zum erweiteren der langsamen Mobilit\u00e4t in st\u00e4dtischen Gebieten, erfordert die Schaffung von Parkfl\u00e4chen die praktisch, effizient und sicher sind.<\/p>\n<p>[\/et_pb_text][et_pb_portfolio admin_label=&#8220;Portfolio&#8220; fullwidth=&#8220;off&#8220; posts_number=&#8220;100&#8243; include_categories=&#8220;38&#8243; show_pagination=&#8220;off&#8220; _builder_version=&#8220;3.0.51&#8243; show_title=&#8220;on&#8220; show_categories=&#8220;on&#8220; zoom_icon_color=&#8220;#0a9549&#8243; hover_overlay_color=&#8220;rgba(255,255,255,0.9)&#8220; background_layout=&#8220;light&#8220; border_style=&#8220;solid&#8220; \/][\/et_pb_column_inner][\/et_pb_row_inner][\/et_pb_column][\/et_pb_section]<\/p>\n","protected":false},"excerpt":{"rendered":"<p>Fahrradparkpl\u00e4tze sind sowohl im Freien und in Innenr\u00e4umen installiert und zunehmend auch in \u00f6ffentlichen R\u00e4umen, nicht nur in Parks und Gr\u00fcnfl\u00e4chen , sondern auch auf Pl\u00e4tzen, Bahnh\u00f6fen oder U-Bahn-Stationen, intermodale Knoten, von Schulen und Bibliotheken, Einkaufszentren , sowie auf Parkpl\u00e4tze f\u00fcr die Mitarbeiter der \u00f6ffentlichen B\u00fcros, Schulen oder Krankenh\u00e4user. Das Wachstum in der Zahl der [&hellip;]<\/p>\n","protected":false},"author":1,"featured_media":0,"parent":814,"menu_order":0,"comment_status":"closed","ping_status":"closed","template":"","meta":{"_et_pb_use_builder":"on","_et_pb_old_content":"","_et_gb_content_width":"","footnotes":""},"class_list":["post-760","page","type-page","status-publish","hentry"],"yoast_head":"<!-- This site is optimized with the Yoast SEO plugin v23.9 - https:\/\/yoast.com\/wordpress\/plugins\/seo\/ -->\n<title>Parkplatz - Bike solutions<\/title>\n<meta name=\"robots\" content=\"index, follow, max-snippet:-1, max-image-preview:large, max-video-preview:-1\" \/>\n<link rel=\"canonical\" href=\"https:\/\/bikesolutions.ch\/de\/solutions\/parkplatz\/\" \/>\n<meta property=\"og:locale\" content=\"de_DE\" \/>\n<meta property=\"og:type\" content=\"article\" \/>\n<meta property=\"og:title\" content=\"Parkplatz - Bike solutions\" \/>\n<meta property=\"og:description\" content=\"Fahrradparkpl\u00e4tze sind sowohl im Freien und in Innenr\u00e4umen installiert und zunehmend auch in \u00f6ffentlichen R\u00e4umen, nicht nur in Parks und Gr\u00fcnfl\u00e4chen , sondern auch auf Pl\u00e4tzen, Bahnh\u00f6fen oder U-Bahn-Stationen, intermodale Knoten, von Schulen und Bibliotheken, Einkaufszentren , sowie auf Parkpl\u00e4tze f\u00fcr die Mitarbeiter der \u00f6ffentlichen B\u00fcros, Schulen oder Krankenh\u00e4user. Das Wachstum in der Zahl der [&hellip;]\" \/>\n<meta property=\"og:url\" content=\"https:\/\/bikesolutions.ch\/de\/solutions\/parkplatz\/\" \/>\n<meta property=\"og:site_name\" content=\"Bike solutions\" \/>\n<meta property=\"article:publisher\" content=\"https:\/\/www.facebook.com\/bikesolutions.ch\/\" \/>\n<meta property=\"article:modified_time\" content=\"2017-06-25T11:57:24+00:00\" \/>\n<meta name=\"twitter:card\" content=\"summary_large_image\" \/>\n<meta name=\"twitter:label1\" content=\"Gesch\u00e4tzte Lesezeit\" \/>\n\t<meta name=\"twitter:data1\" content=\"1\u00a0Minute\" \/>\n<script type=\"application\/ld+json\" class=\"yoast-schema-graph\">{\"@context\":\"https:\/\/schema.org\",\"@graph\":[{\"@type\":\"WebPage\",\"@id\":\"https:\/\/bikesolutions.ch\/de\/solutions\/parkplatz\/\",\"url\":\"https:\/\/bikesolutions.ch\/de\/solutions\/parkplatz\/\",\"name\":\"Parkplatz - Bike solutions\",\"isPartOf\":{\"@id\":\"https:\/\/bikesolutions.ch\/#website\"},\"datePublished\":\"2017-05-07T06:31:54+00:00\",\"dateModified\":\"2017-06-25T11:57:24+00:00\",\"breadcrumb\":{\"@id\":\"https:\/\/bikesolutions.ch\/de\/solutions\/parkplatz\/#breadcrumb\"},\"inLanguage\":\"de\",\"potentialAction\":[{\"@type\":\"ReadAction\",\"target\":[\"https:\/\/bikesolutions.ch\/de\/solutions\/parkplatz\/\"]}]},{\"@type\":\"BreadcrumbList\",\"@id\":\"https:\/\/bikesolutions.ch\/de\/solutions\/parkplatz\/#breadcrumb\",\"itemListElement\":[{\"@type\":\"ListItem\",\"position\":1,\"name\":\"Home\",\"item\":\"https:\/\/bikesolutions.ch\/de\/\"},{\"@type\":\"ListItem\",\"position\":2,\"name\":\"Solutions\",\"item\":\"https:\/\/bikesolutions.ch\/de\/solutions\/\"},{\"@type\":\"ListItem\",\"position\":3,\"name\":\"Parkplatz\"}]},{\"@type\":\"WebSite\",\"@id\":\"https:\/\/bikesolutions.ch\/#website\",\"url\":\"https:\/\/bikesolutions.ch\/\",\"name\":\"Bike solutions\",\"description\":\"Soluzioni per la mobilit\u00e0 lenta \",\"publisher\":{\"@id\":\"https:\/\/bikesolutions.ch\/#organization\"},\"potentialAction\":[{\"@type\":\"SearchAction\",\"target\":{\"@type\":\"EntryPoint\",\"urlTemplate\":\"https:\/\/bikesolutions.ch\/?s={search_term_string}\"},\"query-input\":{\"@type\":\"PropertyValueSpecification\",\"valueRequired\":true,\"valueName\":\"search_term_string\"}}],\"inLanguage\":\"de\"},{\"@type\":\"Organization\",\"@id\":\"https:\/\/bikesolutions.ch\/#organization\",\"name\":\"Bike solutions\",\"url\":\"https:\/\/bikesolutions.ch\/\",\"logo\":{\"@type\":\"ImageObject\",\"inLanguage\":\"de\",\"@id\":\"https:\/\/bikesolutions.ch\/#\/schema\/logo\/image\/\",\"url\":\"https:\/\/bikesolutions.ch\/wp-content\/uploads\/bike_solution_logo.png\",\"contentUrl\":\"https:\/\/bikesolutions.ch\/wp-content\/uploads\/bike_solution_logo.png\",\"width\":973,\"height\":734,\"caption\":\"Bike solutions\"},\"image\":{\"@id\":\"https:\/\/bikesolutions.ch\/#\/schema\/logo\/image\/\"},\"sameAs\":[\"https:\/\/www.facebook.com\/bikesolutions.ch\/\"]}]}<\/script>\n<!-- \/ Yoast SEO plugin. -->","yoast_head_json":{"title":"Parkplatz - Bike solutions","robots":{"index":"index","follow":"follow","max-snippet":"max-snippet:-1","max-image-preview":"max-image-preview:large","max-video-preview":"max-video-preview:-1"},"canonical":"https:\/\/bikesolutions.ch\/de\/solutions\/parkplatz\/","og_locale":"de_DE","og_type":"article","og_title":"Parkplatz - Bike solutions","og_description":"Fahrradparkpl\u00e4tze sind sowohl im Freien und in Innenr\u00e4umen installiert und zunehmend auch in \u00f6ffentlichen R\u00e4umen, nicht nur in Parks und Gr\u00fcnfl\u00e4chen , sondern auch auf Pl\u00e4tzen, Bahnh\u00f6fen oder U-Bahn-Stationen, intermodale Knoten, von Schulen und Bibliotheken, Einkaufszentren , sowie auf Parkpl\u00e4tze f\u00fcr die Mitarbeiter der \u00f6ffentlichen B\u00fcros, Schulen oder Krankenh\u00e4user. Das Wachstum in der Zahl der [&hellip;]","og_url":"https:\/\/bikesolutions.ch\/de\/solutions\/parkplatz\/","og_site_name":"Bike solutions","article_publisher":"https:\/\/www.facebook.com\/bikesolutions.ch\/","article_modified_time":"2017-06-25T11:57:24+00:00","twitter_card":"summary_large_image","twitter_misc":{"Gesch\u00e4tzte Lesezeit":"1\u00a0Minute"},"schema":{"@context":"https:\/\/schema.org","@graph":[{"@type":"WebPage","@id":"https:\/\/bikesolutions.ch\/de\/solutions\/parkplatz\/","url":"https:\/\/bikesolutions.ch\/de\/solutions\/parkplatz\/","name":"Parkplatz - Bike solutions","isPartOf":{"@id":"https:\/\/bikesolutions.ch\/#website"},"datePublished":"2017-05-07T06:31:54+00:00","dateModified":"2017-06-25T11:57:24+00:00","breadcrumb":{"@id":"https:\/\/bikesolutions.ch\/de\/solutions\/parkplatz\/#breadcrumb"},"inLanguage":"de","potentialAction":[{"@type":"ReadAction","target":["https:\/\/bikesolutions.ch\/de\/solutions\/parkplatz\/"]}]},{"@type":"BreadcrumbList","@id":"https:\/\/bikesolutions.ch\/de\/solutions\/parkplatz\/#breadcrumb","itemListElement":[{"@type":"ListItem","position":1,"name":"Home","item":"https:\/\/bikesolutions.ch\/de\/"},{"@type":"ListItem","position":2,"name":"Solutions","item":"https:\/\/bikesolutions.ch\/de\/solutions\/"},{"@type":"ListItem","position":3,"name":"Parkplatz"}]},{"@type":"WebSite","@id":"https:\/\/bikesolutions.ch\/#website","url":"https:\/\/bikesolutions.ch\/","name":"Bike solutions","description":"Soluzioni per la mobilit\u00e0 lenta ","publisher":{"@id":"https:\/\/bikesolutions.ch\/#organization"},"potentialAction":[{"@type":"SearchAction","target":{"@type":"EntryPoint","urlTemplate":"https:\/\/bikesolutions.ch\/?s={search_term_string}"},"query-input":{"@type":"PropertyValueSpecification","valueRequired":true,"valueName":"search_term_string"}}],"inLanguage":"de"},{"@type":"Organization","@id":"https:\/\/bikesolutions.ch\/#organization","name":"Bike solutions","url":"https:\/\/bikesolutions.ch\/","logo":{"@type":"ImageObject","inLanguage":"de","@id":"https:\/\/bikesolutions.ch\/#\/schema\/logo\/image\/","url":"https:\/\/bikesolutions.ch\/wp-content\/uploads\/bike_solution_logo.png","contentUrl":"https:\/\/bikesolutions.ch\/wp-content\/uploads\/bike_solution_logo.png","width":973,"height":734,"caption":"Bike solutions"},"image":{"@id":"https:\/\/bikesolutions.ch\/#\/schema\/logo\/image\/"},"sameAs":["https:\/\/www.facebook.com\/bikesolutions.ch\/"]}]}},"_links":{"self":[{"href":"https:\/\/bikesolutions.ch\/de\/wp-json\/wp\/v2\/pages\/760\/"}],"collection":[{"href":"https:\/\/bikesolutions.ch\/de\/wp-json\/wp\/v2\/pages\/"}],"about":[{"href":"https:\/\/bikesolutions.ch\/de\/wp-json\/wp\/v2\/types\/page\/"}],"author":[{"embeddable":true,"href":"https:\/\/bikesolutions.ch\/de\/wp-json\/wp\/v2\/users\/1\/"}],"replies":[{"embeddable":true,"href":"https:\/\/bikesolutions.ch\/de\/wp-json\/wp\/v2\/comments\/?post=760"}],"version-history":[{"count":13,"href":"https:\/\/bikesolutions.ch\/de\/wp-json\/wp\/v2\/pages\/760\/revisions\/"}],"predecessor-version":[{"id":941,"href":"https:\/\/bikesolutions.ch\/de\/wp-json\/wp\/v2\/pages\/760\/revisions\/941\/"}],"up":[{"embeddable":true,"href":"https:\/\/bikesolutions.ch\/de\/wp-json\/wp\/v2\/pages\/814\/"}],"wp:attachment":[{"href":"https:\/\/bikesolutions.ch\/de\/wp-json\/wp\/v2\/media\/?parent=760"}],"curies":[{"name":"wp","href":"https:\/\/api.w.org\/{rel}","templated":true}]}}