{"id":749,"date":"2017-05-07T08:53:40","date_gmt":"2017-05-07T06:53:40","guid":{"rendered":"https:\/\/bikesolutions.ch\/uber-uns\/"},"modified":"2017-06-28T17:57:40","modified_gmt":"2017-06-28T15:57:40","slug":"uber-uns","status":"publish","type":"page","link":"https:\/\/bikesolutions.ch\/de\/uber-uns\/","title":{"rendered":"\u00dcber uns"},"content":{"rendered":"<p>[et_pb_section bb_built=&#8220;1&#8243; admin_label=&#8220;section&#8220; background_color=&#8220;#f7f7f7&#8243; inner_shadow=&#8220;on&#8220;][et_pb_row admin_label=&#8220;row&#8220; background_position=&#8220;top_left&#8220; background_repeat=&#8220;repeat&#8220; background_size=&#8220;initial&#8220;][et_pb_column type=&#8220;1_2&#8243;][et_pb_post_title admin_label=&#8220;Titolo del Post&#8220; meta=&#8220;off&#8220; featured_image=&#8220;off&#8220; title_font_size=&#8220;32px&#8220; \/][et_pb_text admin_label=&#8220;Text&#8220; background_position=&#8220;top_left&#8220; background_repeat=&#8220;repeat&#8220; background_size=&#8220;initial&#8220;]<\/p>\n<p>Bike Solutions Sagl stammt aus der Leidenschaftden f\u00fcr die Praxis des Radfahrens der Gr\u00fcndungsmitgliedern, und diese Leidenschaft mit ihrer bisherigen Berufserfahrung zu vereinen.<\/p>\n<p>[\/et_pb_text][et_pb_text admin_label=&#8220;Text&#8220; module_class=&#8220;bordo_superiore&#8220; background_position=&#8220;top_left&#8220; background_repeat=&#8220;repeat&#8220; background_size=&#8220;initial&#8220; _builder_version=&#8220;3.0.51&#8243; background_layout=&#8220;light&#8220; text_orientation=&#8220;left&#8220; border_style=&#8220;solid&#8220;]<\/p>\n<h2>Vision<\/h2>\n<ul>\n<li>In einer t\u00e4glichen Realit\u00e4t von gro\u00dfer Hektik und beruflichen Stress die Suche nach R\u00e4umen und Momenten f\u00fcr eine gesunde sportliche Aktivit\u00e4t in der Freizeit, wird immer wichtiger f\u00fcr die Leute die in der Stadt wohnen<\/li>\n<li>Dank der technologischen Entwicklung der Industrie im Zusammenhang mit dem zwei Rad und mehrere definierten Benutzer-Segmentierung, wird es immer mehr Menschen geben, die sich an den Mountainbike Sport n\u00e4hern werden.<\/li>\n<li>Diese neue Realit\u00e4t enth\u00e4lt eine gro\u00dfe Chance f\u00fcr eine<strong> Ver\u00e4nderung<\/strong> des sozialen Paradigmas, wo die Gewohnheiten und Bed\u00fcrfnisse des Einzelnen zu einer <strong>nachhaltigeren<\/strong> Mobilit\u00e4t bewegen.<\/li>\n<\/ul>\n<p>[\/et_pb_text][et_pb_text admin_label=&#8220;Text&#8220; module_class=&#8220;bordo_superiore&#8220; background_position=&#8220;top_left&#8220; background_repeat=&#8220;repeat&#8220; background_size=&#8220;initial&#8220;]<\/p>\n<h2>Mission<\/h2>\n<p>Bike Sagl Solutions bietet L\u00f6sungen und praktische Massgeschneiderte Anwendungen die innerhalb der nachhaltigen Mobilit\u00e4t auf zwei R\u00e4dern verbunden sind.<\/p>\n<p>Unser Gesch\u00e4ft ist private und \/ oder\u00a0die institutionellen Kunden auf Ihrer Suche nach den best m\u00f6glichen L\u00f6sungen zu begleiten, mit Bezug auf die wachsenden Anforderungen in der Praxis des Radfahrens in st\u00e4dtischen und au\u00dferst\u00e4dtischen Gebieten.<\/p>\n<p>[\/et_pb_text][\/et_pb_column][et_pb_column type=&#8220;1_2&#8243;][et_pb_image admin_label=&#8220;Immagine&#8220; src=&#8220;https:\/\/bikesolutions.ch\/wp-content\/uploads\/bike_solution_logo.png&#8220; \/][\/et_pb_column][\/et_pb_row][\/et_pb_section][et_pb_section bb_built=&#8220;1&#8243; admin_label=&#8220;section&#8220; background_color=&#8220;#0a9549&#8243;][et_pb_row admin_label=&#8220;row&#8220; background_position=&#8220;top_left&#8220; background_repeat=&#8220;repeat&#8220; background_size=&#8220;initial&#8220;][et_pb_column type=&#8220;4_4&#8243;][et_pb_cta admin_label=&#8220;Call To Action&#8220; title=&#8220;Willst du mehr erfahren?&#8220; button_url=&#8220;\/Kontakt&#8220; button_text=&#8220;Kontaktiere bike solutions&#8220; use_background_color=&#8220;off&#8220; background_position=&#8220;top_left&#8220; background_repeat=&#8220;repeat&#8220; background_size=&#8220;initial&#8220;]<\/p>\n<p>F\u00fcr weitere Informationen, Beispiele, Kostenvoranschl\u00e4ge z\u00f6gern Sie nicht, uns zu kontaktieren!<\/p>\n<p>[\/et_pb_cta][\/et_pb_column][\/et_pb_row][\/et_pb_section]<\/p>\n","protected":false},"excerpt":{"rendered":"<p>Bike Solutions Sagl stammt aus der Leidenschaftden f\u00fcr die Praxis des Radfahrens der Gr\u00fcndungsmitgliedern, und diese Leidenschaft mit ihrer bisherigen Berufserfahrung zu vereinen. Vision In einer t\u00e4glichen Realit\u00e4t von gro\u00dfer Hektik und beruflichen Stress die Suche nach R\u00e4umen und Momenten f\u00fcr eine gesunde sportliche Aktivit\u00e4t in der Freizeit, wird immer wichtiger f\u00fcr die Leute die [&hellip;]<\/p>\n","protected":false},"author":1,"featured_media":0,"parent":0,"menu_order":0,"comment_status":"closed","ping_status":"closed","template":"","meta":{"_et_pb_use_builder":"on","_et_pb_old_content":"","_et_gb_content_width":"","footnotes":""},"class_list":["post-749","page","type-page","status-publish","hentry"],"yoast_head":"<!-- This site is optimized with the Yoast SEO plugin v23.9 - https:\/\/yoast.com\/wordpress\/plugins\/seo\/ -->\n<title>\u00dcber uns - Bike solutions<\/title>\n<meta name=\"robots\" content=\"index, follow, max-snippet:-1, max-image-preview:large, max-video-preview:-1\" \/>\n<link rel=\"canonical\" href=\"https:\/\/bikesolutions.ch\/de\/uber-uns\/\" \/>\n<meta property=\"og:locale\" content=\"de_DE\" \/>\n<meta property=\"og:type\" content=\"article\" \/>\n<meta property=\"og:title\" content=\"\u00dcber uns - Bike solutions\" \/>\n<meta property=\"og:description\" content=\"Bike Solutions Sagl stammt aus der Leidenschaftden f\u00fcr die Praxis des Radfahrens der Gr\u00fcndungsmitgliedern, und diese Leidenschaft mit ihrer bisherigen Berufserfahrung zu vereinen. Vision In einer t\u00e4glichen Realit\u00e4t von gro\u00dfer Hektik und beruflichen Stress die Suche nach R\u00e4umen und Momenten f\u00fcr eine gesunde sportliche Aktivit\u00e4t in der Freizeit, wird immer wichtiger f\u00fcr die Leute die [&hellip;]\" \/>\n<meta property=\"og:url\" content=\"https:\/\/bikesolutions.ch\/de\/uber-uns\/\" \/>\n<meta property=\"og:site_name\" content=\"Bike solutions\" \/>\n<meta property=\"article:publisher\" content=\"https:\/\/www.facebook.com\/bikesolutions.ch\/\" \/>\n<meta property=\"article:modified_time\" content=\"2017-06-28T15:57:40+00:00\" \/>\n<meta name=\"twitter:card\" content=\"summary_large_image\" \/>\n<meta name=\"twitter:label1\" content=\"Gesch\u00e4tzte Lesezeit\" \/>\n\t<meta name=\"twitter:data1\" content=\"2\u00a0Minuten\" \/>\n<script type=\"application\/ld+json\" class=\"yoast-schema-graph\">{\"@context\":\"https:\/\/schema.org\",\"@graph\":[{\"@type\":\"WebPage\",\"@id\":\"https:\/\/bikesolutions.ch\/de\/uber-uns\/\",\"url\":\"https:\/\/bikesolutions.ch\/de\/uber-uns\/\",\"name\":\"\u00dcber uns - Bike solutions\",\"isPartOf\":{\"@id\":\"https:\/\/bikesolutions.ch\/#website\"},\"datePublished\":\"2017-05-07T06:53:40+00:00\",\"dateModified\":\"2017-06-28T15:57:40+00:00\",\"breadcrumb\":{\"@id\":\"https:\/\/bikesolutions.ch\/de\/uber-uns\/#breadcrumb\"},\"inLanguage\":\"de\",\"potentialAction\":[{\"@type\":\"ReadAction\",\"target\":[\"https:\/\/bikesolutions.ch\/de\/uber-uns\/\"]}]},{\"@type\":\"BreadcrumbList\",\"@id\":\"https:\/\/bikesolutions.ch\/de\/uber-uns\/#breadcrumb\",\"itemListElement\":[{\"@type\":\"ListItem\",\"position\":1,\"name\":\"Home\",\"item\":\"https:\/\/bikesolutions.ch\/de\/\"},{\"@type\":\"ListItem\",\"position\":2,\"name\":\"\u00dcber uns\"}]},{\"@type\":\"WebSite\",\"@id\":\"https:\/\/bikesolutions.ch\/#website\",\"url\":\"https:\/\/bikesolutions.ch\/\",\"name\":\"Bike solutions\",\"description\":\"Soluzioni per la mobilit\u00e0 lenta \",\"publisher\":{\"@id\":\"https:\/\/bikesolutions.ch\/#organization\"},\"potentialAction\":[{\"@type\":\"SearchAction\",\"target\":{\"@type\":\"EntryPoint\",\"urlTemplate\":\"https:\/\/bikesolutions.ch\/?s={search_term_string}\"},\"query-input\":{\"@type\":\"PropertyValueSpecification\",\"valueRequired\":true,\"valueName\":\"search_term_string\"}}],\"inLanguage\":\"de\"},{\"@type\":\"Organization\",\"@id\":\"https:\/\/bikesolutions.ch\/#organization\",\"name\":\"Bike solutions\",\"url\":\"https:\/\/bikesolutions.ch\/\",\"logo\":{\"@type\":\"ImageObject\",\"inLanguage\":\"de\",\"@id\":\"https:\/\/bikesolutions.ch\/#\/schema\/logo\/image\/\",\"url\":\"https:\/\/bikesolutions.ch\/wp-content\/uploads\/bike_solution_logo.png\",\"contentUrl\":\"https:\/\/bikesolutions.ch\/wp-content\/uploads\/bike_solution_logo.png\",\"width\":973,\"height\":734,\"caption\":\"Bike solutions\"},\"image\":{\"@id\":\"https:\/\/bikesolutions.ch\/#\/schema\/logo\/image\/\"},\"sameAs\":[\"https:\/\/www.facebook.com\/bikesolutions.ch\/\"]}]}<\/script>\n<!-- \/ Yoast SEO plugin. -->","yoast_head_json":{"title":"\u00dcber uns - Bike solutions","robots":{"index":"index","follow":"follow","max-snippet":"max-snippet:-1","max-image-preview":"max-image-preview:large","max-video-preview":"max-video-preview:-1"},"canonical":"https:\/\/bikesolutions.ch\/de\/uber-uns\/","og_locale":"de_DE","og_type":"article","og_title":"\u00dcber uns - Bike solutions","og_description":"Bike Solutions Sagl stammt aus der Leidenschaftden f\u00fcr die Praxis des Radfahrens der Gr\u00fcndungsmitgliedern, und diese Leidenschaft mit ihrer bisherigen Berufserfahrung zu vereinen. Vision In einer t\u00e4glichen Realit\u00e4t von gro\u00dfer Hektik und beruflichen Stress die Suche nach R\u00e4umen und Momenten f\u00fcr eine gesunde sportliche Aktivit\u00e4t in der Freizeit, wird immer wichtiger f\u00fcr die Leute die [&hellip;]","og_url":"https:\/\/bikesolutions.ch\/de\/uber-uns\/","og_site_name":"Bike solutions","article_publisher":"https:\/\/www.facebook.com\/bikesolutions.ch\/","article_modified_time":"2017-06-28T15:57:40+00:00","twitter_card":"summary_large_image","twitter_misc":{"Gesch\u00e4tzte Lesezeit":"2\u00a0Minuten"},"schema":{"@context":"https:\/\/schema.org","@graph":[{"@type":"WebPage","@id":"https:\/\/bikesolutions.ch\/de\/uber-uns\/","url":"https:\/\/bikesolutions.ch\/de\/uber-uns\/","name":"\u00dcber uns - Bike solutions","isPartOf":{"@id":"https:\/\/bikesolutions.ch\/#website"},"datePublished":"2017-05-07T06:53:40+00:00","dateModified":"2017-06-28T15:57:40+00:00","breadcrumb":{"@id":"https:\/\/bikesolutions.ch\/de\/uber-uns\/#breadcrumb"},"inLanguage":"de","potentialAction":[{"@type":"ReadAction","target":["https:\/\/bikesolutions.ch\/de\/uber-uns\/"]}]},{"@type":"BreadcrumbList","@id":"https:\/\/bikesolutions.ch\/de\/uber-uns\/#breadcrumb","itemListElement":[{"@type":"ListItem","position":1,"name":"Home","item":"https:\/\/bikesolutions.ch\/de\/"},{"@type":"ListItem","position":2,"name":"\u00dcber uns"}]},{"@type":"WebSite","@id":"https:\/\/bikesolutions.ch\/#website","url":"https:\/\/bikesolutions.ch\/","name":"Bike solutions","description":"Soluzioni per la mobilit\u00e0 lenta ","publisher":{"@id":"https:\/\/bikesolutions.ch\/#organization"},"potentialAction":[{"@type":"SearchAction","target":{"@type":"EntryPoint","urlTemplate":"https:\/\/bikesolutions.ch\/?s={search_term_string}"},"query-input":{"@type":"PropertyValueSpecification","valueRequired":true,"valueName":"search_term_string"}}],"inLanguage":"de"},{"@type":"Organization","@id":"https:\/\/bikesolutions.ch\/#organization","name":"Bike solutions","url":"https:\/\/bikesolutions.ch\/","logo":{"@type":"ImageObject","inLanguage":"de","@id":"https:\/\/bikesolutions.ch\/#\/schema\/logo\/image\/","url":"https:\/\/bikesolutions.ch\/wp-content\/uploads\/bike_solution_logo.png","contentUrl":"https:\/\/bikesolutions.ch\/wp-content\/uploads\/bike_solution_logo.png","width":973,"height":734,"caption":"Bike solutions"},"image":{"@id":"https:\/\/bikesolutions.ch\/#\/schema\/logo\/image\/"},"sameAs":["https:\/\/www.facebook.com\/bikesolutions.ch\/"]}]}},"_links":{"self":[{"href":"https:\/\/bikesolutions.ch\/de\/wp-json\/wp\/v2\/pages\/749\/"}],"collection":[{"href":"https:\/\/bikesolutions.ch\/de\/wp-json\/wp\/v2\/pages\/"}],"about":[{"href":"https:\/\/bikesolutions.ch\/de\/wp-json\/wp\/v2\/types\/page\/"}],"author":[{"embeddable":true,"href":"https:\/\/bikesolutions.ch\/de\/wp-json\/wp\/v2\/users\/1\/"}],"replies":[{"embeddable":true,"href":"https:\/\/bikesolutions.ch\/de\/wp-json\/wp\/v2\/comments\/?post=749"}],"version-history":[{"count":14,"href":"https:\/\/bikesolutions.ch\/de\/wp-json\/wp\/v2\/pages\/749\/revisions\/"}],"predecessor-version":[{"id":1341,"href":"https:\/\/bikesolutions.ch\/de\/wp-json\/wp\/v2\/pages\/749\/revisions\/1341\/"}],"wp:attachment":[{"href":"https:\/\/bikesolutions.ch\/de\/wp-json\/wp\/v2\/media\/?parent=749"}],"curies":[{"name":"wp","href":"https:\/\/api.w.org\/{rel}","templated":true}]}}